{"id":4143,"date":"2020-11-06T11:04:56","date_gmt":"2020-11-06T10:04:56","guid":{"rendered":"https:\/\/www.pordzik-transport.com\/?page_id=4143"},"modified":"2020-11-17T08:50:31","modified_gmt":"2020-11-17T07:50:31","slug":"home","status":"publish","type":"page","link":"https:\/\/www.pordzik-transport.com\/de\/","title":{"rendered":"Home"},"content":{"rendered":"<p>[vc_row gap=&#8220;30&#8243; full_height=&#8220;yes&#8220; row_fullwidth=&#8220;1&#8243; bg_slider=&#8220;on&#8220; css=&#8220;.vc_custom_1603716963757{margin-top: 0px !important;margin-right: 0px !important;margin-bottom: 0px !important;margin-left: 0px !important;padding-top: 70px !important;padding-right: 0px !important;padding-left: 0px !important;background-color: #000000 !important;}&#8220; bg_slider_images=&#8220;3599,3880,3883&#8243; font_color=&#8220;#ffffff&#8220;][vc_column][vc_custom_heading text=&#8220;TRANSPORTDIENSTE<br \/>\nAUF DER H\u00d6CHSTEN NIVEAU&#8220; font_container=&#8220;tag:h2|font_size:70|text_align:center|color:%23ffffff|line_height:74px&#8220; google_fonts=&#8220;font_family:Raleway%3A100%2C200%2C300%2Cregular%2C500%2C600%2C700%2C800%2C900|font_style:900%20bold%20regular%3A900%3Anormal&#8220; css=&#8220;.vc_custom_1604990520987{padding-right: 20% !important;padding-left: 20% !important;}&#8220;][vc_row_inner css=&#8220;.vc_custom_1461009895762{margin-right: 0px !important;margin-left: 0px !important;padding-top: 280px !important;padding-right: 0px !important;padding-left: 0px !important;}&#8220;][vc_column_inner width=&#8220;1\/3&#8243;]<div class=\"ozy-simlple-info-box \" id=\"simple-info-box-3207\"  style=\"background:url(https:\/\/www.pordzik-transport.com\/wp-content\/uploads\/2014\/11\/Kopia_zapasowa_ttkk2.png)\"><section><h5><\/h5><h2>Transportdienste<\/h2><p>Wir bieten den Transport in viele L\u00e4nder in Europa<\/p><a href=\"https:\/\/de.pordzik-transport.com\/ueber-uns\/\" target=\"_self\">Mehr sehen<\/a>\n<\/section>\n<\/div>[\/vc_column_inner][vc_column_inner width=&#8220;1\/3&#8243;]<div class=\"ozy-simlple-info-box \" id=\"simple-info-box-7991\"  style=\"background:url(https:\/\/www.pordzik-transport.com\/wp-content\/uploads\/2014\/11\/Kopia_zapasowa_ttkk.png)\"><section><h5><\/h5><h2>Speditionsdienste<\/h2><p>Das Unternehmen ``PORDZIK`` bietet umfassende Speditionsdienste f\u00fcr Ihr Unternehmen.<\/p><a href=\"https:\/\/de.pordzik-transport.com\/ueber-uns\/\" target=\"_self\">Mehr sehen<\/a>\n<\/section>\n<\/div>[\/vc_column_inner][vc_column_inner width=&#8220;1\/3&#8243;]<div class=\"ozy-simlple-info-box \" id=\"simple-info-box-7256\"  style=\"background:url(https:\/\/www.pordzik-transport.com\/wp-content\/uploads\/2014\/11\/Kopia_zapasowa_ttkk3.png)\"><section><h5><\/h5><h2>Schwertransport<\/h2><p>Wir bieten umfassende Dienstleistungen f\u00fcr spezialisierte Gro\u00dftransporte wie Industriemaschinen und -ger\u00e4te, Bauwerke usw.<\/p><a href=\"https:\/\/de.pordzik-transport.com\/ueber-uns\/\" target=\"_self\">Mehr sehen<\/a>\n<\/section>\n<\/div>[\/vc_column_inner][\/vc_row_inner][\/vc_column][\/vc_row][vc_row bg_parallax=&#8220;on&#8220; font_color=&#8220;#ffffff&#8220; css=&#8220;.vc_custom_1415742846793{margin-top: 0px !important;margin-bottom: 0px !important;padding-top: 60px !important;padding-bottom: 120px !important;background-image: url(https:\/\/s3.amazonaws.com\/logistic\/uploads\/2014\/11\/worldmap_dotted.png?id=576) !important;}&#8220;][vc_column]<h2 class=\"ozy-divider-cap-center wpb_content_element\">UNSERE VORTEILE<\/h2><div class=\"ozy-content-divider \" style=\"border-top-style:solid;border-top-width:2px;border-top-color:#34ccff;width:40px;max-width:40px;margin:20px auto;\"><\/div>[vc_row_inner][vc_column_inner width=&#8220;1\/2&#8243;]<div id=\"tile-with-icon_icon5830\" class=\"title-with-icon-wrapper clear xxlarge \" data-color=\"\"><div class=\"wpb_content_element title-with-icon clearfix margin-bottom-0 \"><span  style=\"color:#34ccff !important;background-color: !important;\" class=\"oic-outlined-iconset-130 clear xxlarge \" ><\/span><h3 class=\"content-color\" style=\"\">\u00dcber 20 Jahre Erfahrung<\/h3><\/div><div class=\"wpb_content_element left-cs title-with-icon-content xxlarge clearfix\" style=\"\"><span style=\"color: #888fa1;\">Die Firma PORDZIK SP.J. Das in Dolna ans\u00e4ssige Transport- und Speditionsunternehmen ist seit 1998 im In- und Ausland t\u00e4tig.<\/span><\/div><\/div>[\/vc_column_inner][vc_column_inner width=&#8220;1\/2&#8243;]<div id=\"tile-with-icon_icon3019\" class=\"title-with-icon-wrapper clear xxlarge \" data-color=\"\"><div class=\"wpb_content_element title-with-icon clearfix margin-bottom-0 \"><span  style=\"color:#34ccff !important;background-color: !important;\" class=\"oic-flaticon2-map19 clear xxlarge \" ><\/span><h3 class=\"content-color\" style=\"\">Transport in ganz Europa<\/h3><\/div><div class=\"wpb_content_element left-cs title-with-icon-content xxlarge clearfix\" style=\"\"><span style=\"color: #888fa1;\"><span style=\"font-weight: 400;\">Wir transportieren Waren nur mit unserer eigenen Flotte. Wir sind in der Lage, die Kontinuit\u00e4t und Planung von Standard- und \u00fcbergro\u00dfen Transporten verschiedener Mengen in jeder von unseren Kunden in ganz Europa gew\u00fcnschten Menge sicherzustellen.<\/span><\/span><\/div><\/div>[\/vc_column_inner][\/vc_row_inner][vc_row_inner][vc_column_inner width=&#8220;1\/2&#8243;]<div id=\"tile-with-icon_icon2492\" class=\"title-with-icon-wrapper clear xxlarge \" data-color=\"\"><div class=\"wpb_content_element title-with-icon clearfix margin-bottom-0 \"><span  style=\"color:#34ccff !important;background-color: !important;\" class=\"oic-flaticon6-tractor clear xxlarge \" ><\/span><h3 class=\"content-color\" style=\"\">Spezialisierte Transporte<\/h3><\/div><div class=\"wpb_content_element left-cs title-with-icon-content xxlarge clearfix\" style=\"\"><span style=\"color: #888fa1;\"><span style=\"font-weight: 400;\">Wir sind spezialisiert auf den Transport folgender Lasten: Industriemaschinen und -ger\u00e4te, Bauwerke, landwirtschaftliche Maschinen, Bauelemente, Bleche. Jeder unserer Transporte ist mit entsprechenden Genehmigungen gem\u00e4\u00df den Anforderungen des Landes, durch das er f\u00e4hrt, gesichert.<\/span><\/span><\/div><\/div>[\/vc_column_inner][vc_column_inner width=&#8220;1\/2&#8243;]<div id=\"tile-with-icon_icon8358\" class=\"title-with-icon-wrapper clear xxlarge \" data-color=\"\"><div class=\"wpb_content_element title-with-icon clearfix margin-bottom-0 \"><span  style=\"color:#34ccff !important;background-color: !important;\" class=\"oic-flaticon2-checked13 clear xxlarge \" ><\/span><h3 class=\"content-color\" style=\"\">Rundumservice<\/h3><\/div><div class=\"wpb_content_element left-cs title-with-icon-content xxlarge clearfix\" style=\"\"><span style=\"color: #888fa1;\">Das Unternehmen &#8222;PORDZIK&#8220; bietet umfassende Transport- und Speditionsdienstleistungen f\u00fcr Ihr Unternehmen. Alle von uns transportierten Ladungen sind bis zu 1.200.000 EUR versichert. Unsere Flotte umfasst 44 Sets mit Pritschenaufliegern (Standard \/ Mega).<\/span><\/div><\/div>[\/vc_column_inner][\/vc_row_inner][\/vc_column][\/vc_row][vc_row][vc_column]<h2 class=\"ozy-divider-cap-center wpb_content_element\">KARTE<\/h2><div class=\"ozy-content-divider \" style=\"border-top-style:solid;border-top-width:2px;border-top-color:#34ccff;width:40px;max-width:40px;margin:20px auto;\"><\/div>[vc_column_text]<\/p>\n<p style=\"text-align: center;\"><span style=\"font-size: 14pt;\"><strong>Wir bieten Transportdienstleistungen in \u00fcber 16 L\u00e4ndern in Europa an. Wir sind spezialisiert auf den Transport gro\u00dfer Abmessungen.<\/strong><\/span><\/p>\n<p>[\/vc_column_text][\/vc_column][\/vc_row][vc_row full_width=&#8220;stretch_row_content_no_spaces&#8220; full_height=&#8220;yes&#8220; row_fullwidth=&#8220;1&#8243; row_fullheight=&#8220;1&#8243;][vc_column width=&#8220;1\/4&#8243;][vc_empty_space height=&#8220;62px&#8220;][vc_column_text css=&#8220;.vc_custom_1604657019258{padding-top: 50px !important;padding-left: 50px !important;}&#8220;]<\/p>\n<h4><strong>Wir versenden in L\u00e4nder:<\/strong><\/h4>\n<ul>\n<li>\n<h4><span style=\"color: #0247a8;\"><strong>Polen<\/strong><\/span><\/h4>\n<\/li>\n<li>\n<h4><span style=\"color: #0f3d88;\"><strong>Deutschland<\/strong><\/span><\/h4>\n<\/li>\n<li>\n<h4><span style=\"color: #0f3d88;\"><strong>\u00d6sterreich<\/strong><\/span><\/h4>\n<\/li>\n<li>\n<h4><span style=\"color: #0f3d88;\"><strong>Schweiz<\/strong><\/span><\/h4>\n<\/li>\n<li>\n<h4><span style=\"color: #0247a8;\"><strong>Frankreich<\/strong><\/span><\/h4>\n<\/li>\n<li>\n<h4><span style=\"color: #0247a8;\"><strong>Die Niederlande<\/strong><\/span><\/h4>\n<\/li>\n<li>\n<h4><span style=\"color: #0247a8;\"><strong>Belgien<\/strong><\/span><\/h4>\n<\/li>\n<li>\n<h4><span style=\"color: #0f3d88;\"><strong>D\u00e4nemark<\/strong><\/span><\/h4>\n<\/li>\n<li>\n<h4><span style=\"color: #0247a8;\"><strong>Tschechien<\/strong><\/span><\/h4>\n<\/li>\n<li>\n<h4><span style=\"color: #0247a8;\"><strong>Slowakei<\/strong><\/span><\/h4>\n<\/li>\n<li>\n<h4><span style=\"color: #0247a8;\"><strong>Ungarn<\/strong><\/span><\/h4>\n<\/li>\n<li>\n<h4><span style=\"color: #0247a8;\"><strong>Schweden<\/strong><\/span><\/h4>\n<\/li>\n<li>\n<h4><span style=\"color: #0247a8;\"><strong>Finnland<\/strong><\/span><\/h4>\n<\/li>\n<li>\n<h4><span style=\"color: #0247a8;\"><strong>Norwegen<\/strong><\/span><\/h4>\n<\/li>\n<li>\n<h4><span style=\"color: #0247a8;\"><strong>England<\/strong><\/span><\/h4>\n<\/li>\n<li>\n<h4><span style=\"color: #0247a8;\"><strong>Ukraine<\/strong><\/span><\/h4>\n<\/li>\n<\/ul>\n<p>[\/vc_column_text][\/vc_column][vc_column width=&#8220;3\/4&#8243;][vc_raw_html el_class=&#8220;europe-map&#8220; css=&#8220;.vc_custom_1604913024072{margin-bottom: -500px !important;}&#8220;]JTVCRXVyb3BhX2RlJTVE[\/vc_raw_html][\/vc_column][\/vc_row][vc_row full_width=&#8220;stretch_row&#8220; row_fullwidth=&#8220;1&#8243; bg_parallax=&#8220;on&#8220; font_color=&#8220;#ffffff&#8220; css=&#8220;.vc_custom_1603971810181{margin-top: 0px !important;margin-bottom: 0px !important;padding-top: 100px !important;padding-bottom: 100px !important;background-image: url(http:\/\/www.pordzik-transport.com\/wp-content\/uploads\/2014\/11\/tlo1.jpg?id=3519) !important;}&#8220;][vc_column]<h2 class=\"ozy-divider-cap-center wpb_content_element\">GALERIE<\/h2><div class=\"ozy-content-divider \" style=\"border-top-style:solid;border-top-width:2px;border-top-color:#34ccff;width:40px;max-width:40px;margin:20px auto;\"><\/div><div style=\"height:30px\" class=\"ozy-spacer\"><\/div><div class=\"ozy-owlcarousel   wpb_animate_when_almost_visible wpb_appear \" data-autoplay=\"4000\" data-items=\"4\" data-singleitem=\"false\" data-slidespeed=\"400\" data-paginationSpeed=\"800\" data-autoheight=\"true\">\n<div class=\"item item-extended\" ><img decoding=\"async\" src=\"https:\/\/www.pordzik-transport.com\/wp-content\/uploads\/2014\/11\/1zdf.png\" alt=\"\"\/><a href=\"https:\/\/de.pordzik-transport.com\/galerie\/\" target=\"_self\"><div class=\"overlay-one \"><h2><\/h2><\/div><div class=\"overlay-two\"><p><span>siehe Fotos<\/span><\/p><\/div><\/a><\/div><div class=\"item item-extended\" ><img decoding=\"async\" src=\"https:\/\/www.pordzik-transport.com\/wp-content\/uploads\/2014\/11\/3zdf.png\" alt=\"\"\/><a href=\"https:\/\/de.pordzik-transport.com\/galerie\/\" target=\"_self\"><div class=\"overlay-one \"><h2><\/h2><\/div><div class=\"overlay-two\"><p><span>siehe Fotos<\/span><\/p><\/div><\/a><\/div><div class=\"item item-extended\" ><img decoding=\"async\" src=\"https:\/\/www.pordzik-transport.com\/wp-content\/uploads\/2014\/11\/4zdf.png\" alt=\"\"\/><a href=\"https:\/\/de.pordzik-transport.com\/galerie\/\" target=\"_self\"><div class=\"overlay-one \"><h2><\/h2><\/div><div class=\"overlay-two\"><p><span>siehe Fotos<\/span><\/p><\/div><\/a><\/div><div class=\"item item-extended\" ><img decoding=\"async\" src=\"https:\/\/www.pordzik-transport.com\/wp-content\/uploads\/2014\/11\/5zdf.png\" alt=\"\"\/><a href=\"https:\/\/de.pordzik-transport.com\/galerie\/\" target=\"_self\"><div class=\"overlay-one \"><h2><\/h2><\/div><div class=\"overlay-two\"><p><span>siehe Fotos<\/span><\/p><\/div><\/a><\/div>\n<\/div>[vc_btn title=&#8220;siehe Fotos&#8220; style=&#8220;gradient&#8220; size=&#8220;lg&#8220; align=&#8220;center&#8220; button_block=&#8220;true&#8220; link=&#8220;url:https%3A%2F%2Fde.pordzik-transport.com%2Fgalerie%2F&#8220;][\/vc_column][\/vc_row][vc_row][vc_column][vc_raw_js]JTNDc2NyaXB0JTIwdHlwZSUzRCUyMnRleHQlMkZqYXZhc2NyaXB0JTIyJTIwc3JjJTNEJTIyaHR0cHMlM0ElMkYlMkZjb29raWVjb25zZW50LnBvcHVwc21hcnQuY29tJTJGc3JjJTJGanMlMkZwb3BwZXIuanMlMjIlM0UlM0MlMkZzY3JpcHQlM0UlM0NzY3JpcHQlM0UlMjB3aW5kb3cuc3RhcnQuaW5pdCUyOCU3QlBhbGV0dGUlM0ElMjJwYWxldHRlMiUyMiUyQ01vZGUlM0ElMjJiYW5uZXIlMjBib3R0b20lMjIlMkNUaGVtZSUzQSUyMmNsYXNzaWMlMjIlMkNMb2NhdGlvbiUzQSUyMiUyRnBvbGl0eWthLXByeXdhdG5vc2NpJTJGJTIyJTJDTWVzc2FnZSUzQSUyMkRpZXNlJTIwV2Vic2l0ZSUyMHZlcndlbmRldCUyMENvb2tpZXMlMkMlMjB1bSUyMGRlbiUyMFp1Z3JpZmYlMjBhdWYlMjBkaWUlMjBXZWJzaXRlJTIwenUlMjB2ZXJiZXNzZXJuJTIwdW5kJTIwenUlMjBlcmxlaWNodGVybiUyMHVuZCUyMHN0YXRpc3Rpc2NoZSUyMERhdGVuJTIwenUlMjBzcGVpY2hlcm4uJTIwV2VubiUyMFNpZSUyMGRpZXNlJTIwV2Vic2l0ZSUyMHdlaXRlcmhpbiUyMG51dHplbiUyQyUyMGFremVwdGllcmVuJTIwU2llJTIwZGllc2VuJTIwU2FjaHZlcmhhbHQuJTIyJTJDQnV0dG9uVGV4dCUzQSUyMlp1c3RpbW1lbiUyMiUyQ0xpbmtUZXh0JTNBJTIyRGF0ZW5zY2h1dHotQmVzdGltbXVuZ2VuJTIyJTJDVGltZSUzQSUyMjUlMjIlMkMlN0QlMjklM0MlMkZzY3JpcHQlM0U=[\/vc_raw_js][\/vc_column][\/vc_row]<\/p>\n","protected":false},"excerpt":{"rendered":"<p>[vc_row gap=&#8220;30&#8243; full_height=&#8220;yes&#8220; row_fullwidth=&#8220;1&#8243; bg_slider=&#8220;on&#8220; css=&#8220;.vc_custom_1603716963757{margin-top: 0px !important;margin-right: 0px !important;margin-bottom: 0px !important;margin-left: 0px !important;padding-top: 70px !important;padding-right: 0px !important;padding-left: 0px !important;background-color: #000000 !important;}&#8220; bg_slider_images=&#8220;3599,3880,3883&#8243; font_color=&#8220;#ffffff&#8220;][vc_column][vc_custom_heading text=&#8220;TRANSPORTDIENSTE AUF DER H\u00d6CHSTEN NIVEAU&#8220; font_container=&#8220;tag:h2|font_size:70|text_align:center|color:%23ffffff|line_height:74px&#8220; [&hellip;]<\/p>\n","protected":false},"author":1,"featured_media":0,"parent":0,"menu_order":0,"comment_status":"open","ping_status":"open","template":"","meta":{"footnotes":""},"class_list":["post-4143","page","type-page","status-publish","hentry"],"_links":{"self":[{"href":"https:\/\/www.pordzik-transport.com\/de\/wp-json\/wp\/v2\/pages\/4143","targetHints":{"allow":["GET"]}}],"collection":[{"href":"https:\/\/www.pordzik-transport.com\/de\/wp-json\/wp\/v2\/pages"}],"about":[{"href":"https:\/\/www.pordzik-transport.com\/de\/wp-json\/wp\/v2\/types\/page"}],"author":[{"embeddable":true,"href":"https:\/\/www.pordzik-transport.com\/de\/wp-json\/wp\/v2\/users\/1"}],"replies":[{"embeddable":true,"href":"https:\/\/www.pordzik-transport.com\/de\/wp-json\/wp\/v2\/comments?post=4143"}],"version-history":[{"count":11,"href":"https:\/\/www.pordzik-transport.com\/de\/wp-json\/wp\/v2\/pages\/4143\/revisions"}],"predecessor-version":[{"id":4252,"href":"https:\/\/www.pordzik-transport.com\/de\/wp-json\/wp\/v2\/pages\/4143\/revisions\/4252"}],"wp:attachment":[{"href":"https:\/\/www.pordzik-transport.com\/de\/wp-json\/wp\/v2\/media?parent=4143"}],"curies":[{"name":"wp","href":"https:\/\/api.w.org\/{rel}","templated":true}]}}