{"id":4190,"date":"2020-11-06T11:49:53","date_gmt":"2020-11-06T10:49:53","guid":{"rendered":"https:\/\/www.pordzik-transport.com\/?page_id=4190"},"modified":"2024-09-23T14:19:00","modified_gmt":"2024-09-23T12:19:00","slug":"ueber-uns","status":"publish","type":"page","link":"https:\/\/www.pordzik-transport.com\/de\/ueber-uns\/","title":{"rendered":"\u00dcber uns"},"content":{"rendered":"<p>[vc_row bg_parallax=&#8220;off&#8220; bg_scroll=&#8220;h,-1&#8243; font_color=&#8220;#ffffff&#8220; css=&#8220;.vc_custom_1603354350296{margin-top: 0px !important;margin-bottom: 0px !important;padding-top: 100px !important;padding-bottom: 100px !important;background-image: url(http:\/\/www.pordzik-transport.com\/wp-content\/uploads\/2014\/10\/Beznazwy-12.png?id=3552) !important;}&#8220;][vc_column][vc_column_text]<\/p>\n<h1 style=\"text-align: center;\">\u00dcBER UNS<\/h1>\n<h3 style=\"text-align: center;\"><span style=\"color: #34ccff;\">Wir sind ein Unternehmen mit langj\u00e4hriger Erfahrung in der Transportbranche.<br \/>\nWir sind spezialisiert auf Gro\u00dftransporte.<\/span><\/h3>\n<p>[\/vc_column_text][vc_row_inner][vc_column_inner width=&#8220;1\/3&#8243;]<span id=\"ozy_icon_4952\" class=\"ozy-icon  wpb_content_element align-center xxlarge clean icon oic-flaticon4-world92 \" style=\";color:#34ccff\" ><\/span><div class=\"ozy-counter wpb_content_element \" style=\"color:#ffffff\"><div class=\"timer\" data-sign=\"\" data-signpos=\"right\" data-from=\"0\" data-to=\"16\">0<\/div><div class=\"hr\" style=\"background-color:#ffffff\"><\/div><span>L\u00e4nder in Europa<\/span><\/div>[\/vc_column_inner][vc_column_inner width=&#8220;1\/3&#8243;]<span id=\"ozy_icon_8984\" class=\"ozy-icon  wpb_content_element align-center xxlarge clean icon oic-calendar \" style=\";color:#34ccff\" ><\/span><div class=\"ozy-counter wpb_content_element \" style=\"color:#ffffff\"><div class=\"timer\" data-sign=\"\" data-signpos=\"right\" data-from=\"0\" data-to=\"22\">0<\/div><div class=\"hr\" style=\"background-color:#ffffff\"><\/div><span>langj\u00e4hrige Erfahrung<\/span><\/div>[\/vc_column_inner][vc_column_inner width=&#8220;1\/3&#8243;]<span id=\"ozy_icon_9237\" class=\"ozy-icon  wpb_content_element align-center xxlarge clean icon oic-flaticon6-truck \" style=\";color:#34ccff\" ><\/span><div class=\"ozy-counter wpb_content_element \" style=\"color:#ffffff\"><div class=\"timer\" data-sign=\"\" data-signpos=\"right\" data-from=\"0\" data-to=\"44\">0<\/div><div class=\"hr\" style=\"background-color:#ffffff\"><\/div><span>Sets mit Anh\u00e4ngern<\/span><\/div>[\/vc_column_inner][\/vc_row_inner][\/vc_column][\/vc_row][vc_row bg_parallax=&#8220;off&#8220; css=&#8220;.vc_custom_1414616349744{margin-top: 0px !important;margin-bottom: 0px !important;padding-top: 60px !important;padding-bottom: 0px !important;}&#8220;][vc_column width=&#8220;1\/2&#8243;][vc_single_image image=&#8220;3555&#8243; img_size=&#8220;&#8220; alignment=&#8220;center&#8220; css=&#8220;.vc_custom_1603354704594{margin-bottom: 0px !important;padding-top: 30px !important;padding-bottom: 0px !important;}&#8220;][\/vc_column][vc_column width=&#8220;1\/2&#8243;][vc_column_text css=&#8220;.vc_custom_1727093937758{margin-bottom: 0px !important;padding-bottom: 0px !important;}&#8220;]<\/p>\n<h3><span style=\"color: #003366;\">Die Firma PORDZIK SP.J. Das in <strong>Sieroniowice<\/strong> ans\u00e4ssige Transport- und Speditionsunternehmen ist seit 1998 im In- und Ausland t\u00e4tig.<\/span><\/h3>\n<p>[\/vc_column_text][vc_separator][vc_column_text]Die Wahl eines Transportunternehmens ist eine wichtige Entscheidung, daher lohnt es sich, diese Aufgabe einem erfahrenen und zuverl\u00e4ssigen Partner anzuvertrauen. Die Priorit\u00e4t unserer T\u00e4tigkeit ist die Kundenzufriedenheit, die darin besteht, unseren Auftragnehmern einen zeitnahen und effizienten Transportservice zu garantieren.<br \/>\nWir sind in der Lage, die Kontinuit\u00e4t und Planung von Standard- und \u00fcbergro\u00dfen Transporten verschiedener Mengen in jeder von unseren Kunden in ganz Europa gew\u00fcnschten Menge sicherzustellen. Jeder unserer Transporte ist mit entsprechenden Genehmigungen gem\u00e4\u00df den Anforderungen des Landes, durch das er f\u00e4hrt, gesichert. Alle von uns transportierten Ladungen sind bis zu 1.200.000 EUR versichert. Unsere Flotte umfasst 44 Sets mit Pritschenaufliegern (Standard \/ Mega).[\/vc_column_text][\/vc_column][\/vc_row][vc_row bg_parallax=&#8220;on&#8220; font_color=&#8220;#ffffff&#8220; css=&#8220;.vc_custom_1414630139490{margin-top: 0px !important;margin-bottom: 0px !important;padding-top: 100px !important;padding-bottom: 100px !important;background-image: url(https:\/\/s3.amazonaws.com\/logistic\/uploads\/2014\/10\/54352453453-9.jpg?id=150) !important;}&#8220;][vc_column][vc_column_text css=&#8220;.vc_custom_1604659717293{padding-right: 15% !important;padding-left: 15% !important;}&#8220;]<\/p>\n<h3 style=\"text-align: center;\">UMFASSENDER TRANSPORT-SERVICE<\/h3>\n<h4 style=\"text-align: center;\"><strong><span style=\"color: #34ccff;\">Wir sind spezialisiert auf den Transport folgender Lasten: Industriemaschinen und -ger\u00e4te, Bauwerke, landwirtschaftliche Maschinen, Bauelemente, Bleche.<br \/>\nWir bieten umfassende Transportdienstleistungen und bieten:<\/span><\/strong><\/h4>\n<p>[\/vc_column_text][vc_row_inner][vc_column_inner el_class=&#8220;textaligncenter&#8220; width=&#8220;1\/2&#8243;]<div id=\"tile-with-icon_icon4423\" class=\"title-with-icon-wrapper circle large \" data-color=\"\"><div class=\"wpb_content_element title-with-icon clearfix top-style\"><span  style=\"border-color:#34ccff;color:#34ccff !important;background-color:transparent !important;\" class=\"oic-flaticon1-package11 circle large \" ><\/span><h4 style=\"color:#ffffff\">G\u00fcterversicherung<\/h4><\/div><\/div>[\/vc_column_inner][vc_column_inner el_class=&#8220;textaligncenter&#8220; width=&#8220;1\/2&#8243;]<div id=\"tile-with-icon_icon4077\" class=\"title-with-icon-wrapper circle large \" data-color=\"\"><div class=\"wpb_content_element title-with-icon clearfix top-style\"><span  style=\"border-color:#34ccff;color:#34ccff !important;background-color:transparent !important;\" class=\"oic-outlined-iconset-85 circle large \" ><\/span><h4 style=\"color:#ffffff\">Alle Stra\u00dfengenehmigungen und Mautgeb\u00fchren<\/h4><\/div><\/div>[\/vc_column_inner][\/vc_row_inner][\/vc_column][\/vc_row]<\/p>\n","protected":false},"excerpt":{"rendered":"<p>[vc_row bg_parallax=&#8220;off&#8220; bg_scroll=&#8220;h,-1&#8243; font_color=&#8220;#ffffff&#8220; css=&#8220;.vc_custom_1603354350296{margin-top: 0px !important;margin-bottom: 0px !important;padding-top: 100px !important;padding-bottom: 100px !important;background-image: url(http:\/\/www.pordzik-transport.com\/wp-content\/uploads\/2014\/10\/Beznazwy-12.png?id=3552) !important;}&#8220;][vc_column][vc_column_text] \u00dcBER UNS Wir sind ein Unternehmen mit langj\u00e4hriger Erfahrung in der Transportbranche. Wir sind spezialisiert [&hellip;]<\/p>\n","protected":false},"author":1,"featured_media":0,"parent":0,"menu_order":0,"comment_status":"open","ping_status":"closed","template":"","meta":{"footnotes":""},"class_list":["post-4190","page","type-page","status-publish","hentry"],"_links":{"self":[{"href":"https:\/\/www.pordzik-transport.com\/de\/wp-json\/wp\/v2\/pages\/4190","targetHints":{"allow":["GET"]}}],"collection":[{"href":"https:\/\/www.pordzik-transport.com\/de\/wp-json\/wp\/v2\/pages"}],"about":[{"href":"https:\/\/www.pordzik-transport.com\/de\/wp-json\/wp\/v2\/types\/page"}],"author":[{"embeddable":true,"href":"https:\/\/www.pordzik-transport.com\/de\/wp-json\/wp\/v2\/users\/1"}],"replies":[{"embeddable":true,"href":"https:\/\/www.pordzik-transport.com\/de\/wp-json\/wp\/v2\/comments?post=4190"}],"version-history":[{"count":3,"href":"https:\/\/www.pordzik-transport.com\/de\/wp-json\/wp\/v2\/pages\/4190\/revisions"}],"predecessor-version":[{"id":4361,"href":"https:\/\/www.pordzik-transport.com\/de\/wp-json\/wp\/v2\/pages\/4190\/revisions\/4361"}],"wp:attachment":[{"href":"https:\/\/www.pordzik-transport.com\/de\/wp-json\/wp\/v2\/media?parent=4190"}],"curies":[{"name":"wp","href":"https:\/\/api.w.org\/{rel}","templated":true}]}}